{"id":31,"date":"2024-02-02T21:21:26","date_gmt":"2024-02-02T20:21:26","guid":{"rendered":"https:\/\/pro6.pl\/?page_id=31"},"modified":"2024-05-04T20:53:25","modified_gmt":"2024-05-04T18:53:25","slug":"regulamin-parkingu","status":"publish","type":"page","link":"https:\/\/pro6.pl\/?page_id=31","title":{"rendered":"Regulamin parkingu i polityka prywatno\u015bci"},"content":{"rendered":"\n<p>1. W przypadku braku akceptacji warunk\u00f3w regulaminu miejsc postojowych, u\u017cytkownik nie ma prawa korzysta\u0107 z miejsca postojowego. Teren miejsc postojowych jest terenem prywatnym.<br>2. Miejsca postojowe przeznaczone s\u0105 wy\u0142\u0105cznie dla pojazd\u00f3w do 3,5t. posiadaj\u0105cych specjalne zezwolenie wydane przez pro6.\u00a0<br>3. Zabrania si\u0119 wjazdu samochodom powy\u017cej 3,5t (koszty naprawy ewentualnie powsta\u0142ych uszkodze\u0144 nawierzchni ponosi u\u017cytkownik pojazdu).<br>4. Teren miejsc postojowych jest ca\u0142odobowo monitorowany audiowizualnie.<br>5. Miejsca postojowe nie s\u0105 strze\u017cone i nie posiadaj\u0105 zabezpiecze\u0144 przed dost\u0119pem os\u00f3b trzecich. Korzystanie z miejsca postojowego odbywa si\u0119\u00a0na wy\u0142\u0105czne ryzyko korzystaj\u0105cego.<br>6. Poruszaj\u0105c si\u0119 na terenie miejsc postojowych nale\u017cy zachowa\u0107 szczeg\u00f3ln\u0105 ostro\u017cno\u015b\u0107. Dopuszczalna pr\u0119dko\u015b\u0107 maksymalna wynosi 5 km\/h.<br>7. Pozostawiaj\u0105c pojazd nie nale\u017cy przekracza\u0107 granic wyznaczonego miejsca postojowego.<br>8. Zabrania si\u0119 zastawiania innych pojazd\u00f3w lub zastawiania wyjazdu z terenu miejsc postojowych.\u00a0<br>9. Zabrania si\u0119\u00a0palenia lub u\u017cywania otwartego ognia, mycia lub odkurzania samochod\u00f3w, wymiany oleju, jakiegokolwiek zanieczyszczania miejsc postojowych, spo\u017cywania alkoholu, dokonywania sprzeda\u017cy towar\u00f3w i us\u0142ug, pozostawiania pojazdu z w\u0142\u0105czonym silnikiem.<br>10. U\u017cytkownik ponosi odpowiedzialno\u015b\u0107\u00a0za wszelkie szkody wyrz\u0105dzone pro6 b\u0105d\u017a innym u\u017cytkownikom miejsc postojowych. U\u017cytkownik zobowi\u0105zany jest do niezw\u0142ocznego poinformowania pro6 o wyrz\u0105dzeniu szkody.<br>11. W szczeg\u00f3lnych przypadkach naruszenie regulaminu mo\u017ce skutkowa\u0107 usuni\u0119ciem oraz zatrzymaniem pojazdu do momentu uregulowania nale\u017cnych op\u0142at. Koszty przechowania i holowania ponosi w\u0142a\u015bciciel pojazdu.\u00a0<br>12. Teren miejsc postojowych stanowi plac manewrowy o utwardzonej nawierzchni. Poruszaj\u0105c si\u0119\u00a0po nim pieszo nale\u017cy zachowa\u0107 szczeg\u00f3ln\u0105 ostro\u017cno\u015b\u0107, poniewa\u017c\u00a0rodzaj nawierzchni mo\u017ce powodowa\u0107 pojawianie si\u0119 nier\u00f3wno\u015bci.\u00a0<br>13. Sprzedawc\u0105 jest pro6 sp. z o.o. z siedzib\u0105\u00a0w Katowicach, NIP 9542777362, REGON 367154948, KRS 0000675944.<\/p>\n\n\n\n<p>14. W razie potrzeby kontaktu z pro6 prosimy o kontakt pod adresem info@pro6.pl lub telefonicznie pod nr 799773769.<\/p>\n\n\n\n<p>REKLAMACJE<\/p>\n\n\n\n<p>Reklamacja z tytu\u0142u r\u0119kojmi:  Podstawa i zakres odpowiedzialno\u015bci Us\u0142ugodawcy wobec Klienta b\u0119d\u0105cego Konsumentem z tytu\u0142u r\u0119kojmi obejmuj\u0105cej wady fizyczne i prawne, s\u0105 okre\u015blone w ustawie Kodeks cywilny z dnia 23 kwietnia 1964 r., <\/p>\n\n\n\n<p>Zawiadomienia o wadach dotycz\u0105cych Produktu oraz zg\u0142oszenie odpowiedniego \u017c\u0105dania mo\u017cna dokona\u0107 za po\u015brednictwem poczty elektronicznej na adres: info@pro6.pl lub telefonicznie pod numerem: 799773769, w powy\u017cszej wiadomo\u015bci w formie elektronicznej lub ustnej nale\u017cy poda\u0107 jak najwi\u0119cej informacji i okoliczno\u015bci dotycz\u0105cych przedmiotu reklamacji, w szczeg\u00f3lno\u015bci rodzaj i dat\u0119 wyst\u0105pienia nieprawid\u0142owo\u015bci oraz dane kontaktowe. Podane informacje znacznie u\u0142atwi\u0105 i przyspiesz\u0105 rozpatrzenie reklamacji przez Us\u0142ugodawc\u0119, Us\u0142ugodawca ustosunkuje si\u0119 do \u017c\u0105dania Klienta niezw\u0142ocznie, nie p\u00f3\u017aniej ni\u017c w terminie 14 dni od momentu zg\u0142oszenia reklamacji, w przypadku reklamacji Klienta b\u0119d\u0105cego Konsumentem \u2013 nierozpatrzenie reklamacji w terminie 14 dni od jej zg\u0142oszenia jest jednoznaczne z jej uwzgl\u0119dnieniem, odpowied\u017a na reklamacj\u0119 jest przekazywana Konsumentowi za po\u015brednictwem poczty elektronicznej.<\/p>\n\n\n\n<p>ODST\u0104PIENIE OD UMOWY<\/p>\n\n\n\n<ol class=\"wp-block-list\">\n<li>Prawo odst\u0105pienia od umowy zawartej na odleg\u0142o\u015b\u0107 nie przys\u0142uguje Konsumentowi w wypadku Umowy Rezerwacji, w kt\u00f3rej przedmiotem \u015bwiadczenia jest us\u0142uga, je\u017celi Us\u0142ugodawca wykona\u0142 w pe\u0142ni us\u0142ug\u0119 za wyra\u017an\u0105 zgod\u0105 Konsumenta, kt\u00f3ry zosta\u0142 poinformowany przed rozpocz\u0119ciem \u015bwiadczenia, \u017ce po spe\u0142nieniu \u015bwiadczenia przez Us\u0142ugodawc\u0119 utraci prawo odst\u0105pienia od umowy.<\/li>\n\n\n\n<li>Prawo odst\u0105pienia od Umowy Rezerwacji przys\u0142uguje zar\u00f3wno Us\u0142ugodawcy, jak i Klientowi w przypadku niewykonania przez drug\u0105 stron\u0119 umowy swojego zobowi\u0105zania w terminie \u015bci\u015ble okre\u015blonym. <\/li>\n\n\n\n<li>Us\u0142ugodawcy przys\u0142uguje prawo odst\u0105pienia od Umowy Rezerwacji zawartej z Klientem nieb\u0119d\u0105cym Konsumentem w terminie 14 dni roboczych od dnia jej zawarcia. Odst\u0105pienie od Umowy Rezerwacji w tym wypadku mo\u017ce nast\u0105pi\u0107 bez podania przyczyny i nie rodzi po stronie Klienta nieb\u0119d\u0105cego Konsumentem \u017cadnych roszcze\u0144 w stosunku do Us\u0142ugodawcy. <\/li>\n\n\n\n<li>Anulowanie Rezerwacji. Klient ma mo\u017cliwo\u015b\u0107 anulowania dokonanej Rezerwacji maksymalnie na 1 dzie\u0144 (24 godziny) przed terminem wykonania us\u0142ugi, Klient w celu anulowania rezerwacji musi wys\u0142a\u0107 do Us\u0142ugodawcy informacj\u0119 o rezygnacji na adres mailowy: info@pro6.pl<\/li>\n<\/ol>\n\n\n\n<p><strong>KLAUZULA INFORMACYJNA<\/strong><\/p>\n\n\n\n<p>1. Administratorem danych jest pro6 sp. z o.o. z siedzib\u0105 w Katowicach ul. Wita Stwosza 6\/6a.<\/p>\n\n\n\n<p>2. Dane przetwarzane s\u0105 wy\u0142\u0105cznie dla cel\u00f3w prawid\u0142owej realizacji umowy najmu miejsca parkingowego.&nbsp;<\/p>\n\n\n\n<p>3. Jedynymi odbiorcami danych s\u0105 osoby, kt\u00f3re zosta\u0142y do tego upowa\u017cnione lub powierzono im przetwarzanie danych osobowych wy\u0142\u0105cznie dla cel\u00f3w s\u0142u\u017cbowych i ksi\u0119gowych.&nbsp;<\/p>\n\n\n\n<p>4. Osoba wyra\u017caj\u0105ca zgod\u0119 na przetwarzanie danych ma prawo do cofni\u0119cia zgody, sprostowania lub usuni\u0119cia danych i wniesienia skargi do organu nadzoru, chyba \u017ce obowi\u0105zek ich przechowywania w niezmienionej formie wynika z odr\u0119bnych regulacji prawnych.&nbsp;<\/p>\n\n\n\n<p>5. Przetwarzanie danych odbywa si\u0119 w oparciu o obowi\u0105zuj\u0105ce przepisy prawa, w tym<br>w szczeg\u00f3lno\u015bci Rozporz\u0105dzenie Parlamentu Europejskiego i Rady (UE) 2016\/679 z dnia 27 kwietnia 2016 roku w sprawie ochrony os\u00f3b fizycznych w zwi\u0105zku z przetwarzaniem danych osobowych i w sprawie swobodnego przep\u0142ywu takich danych.<\/p>\n\n\n\n<p>6. W przypadku jakichkolwiek pyta\u0144 zwi\u0105zanych z przetwarzaniem danych osobowych prosimy o kontakt pod numerem telefonu 799773769.<\/p>\n\n\n\n<p>Z momentem wjazdu na teren parkingu zostaje zawarta pomi\u0119dzy Stronami umowa najmu miejsca parkingowego, tym samym przetwarzanie danych odbywa si\u0119 w oparciu o art. 6 ust. 1 pkt. b RODO, tj. jest niezb\u0119dne do wykonania umowy.&nbsp;<\/p>\n\n\n\n<p>Je\u017celi nie wyra\u017cacie Pa\u0144stwo zgody na przetwarzanie danych osobowych prosimy o niezw\u0142oczne opuszczenie terenu parkingu oraz niepozostawianie samochodu na miejscu parkingowym.&nbsp;<\/p>\n","protected":false},"excerpt":{"rendered":"<p>1. W przypadku braku akceptacji warunk\u00f3w regulaminu miejsc postojowych, u\u017cytkownik nie ma prawa korzysta\u0107 z miejsca postojowego. Teren miejsc postojowych jest terenem prywatnym.2. Miejsca postojowe przeznaczone s\u0105 wy\u0142\u0105cznie dla pojazd\u00f3w do 3,5t. posiadaj\u0105cych specjalne zezwolenie wydane przez pro6.\u00a03. Zabrania si\u0119 wjazdu samochodom powy\u017cej 3,5t (koszty naprawy ewentualnie powsta\u0142ych uszkodze\u0144 nawierzchni ponosi u\u017cytkownik pojazdu).4. Teren miejsc [&hellip;]<\/p>\n","protected":false},"author":1,"featured_media":0,"parent":0,"menu_order":0,"comment_status":"closed","ping_status":"closed","template":"","meta":{"footnotes":""},"class_list":["post-31","page","type-page","status-publish","hentry"],"yoast_head":"<!-- This site is optimized with the Yoast SEO plugin v27.4 - https:\/\/yoast.com\/product\/yoast-seo-wordpress\/ -->\n<title>Regulamin parkingu i polityka prywatno\u015bci - Parking 24\/7 Katowice ul. Szybowcowa 21<\/title>\n<meta name=\"robots\" content=\"index, follow, max-snippet:-1, max-image-preview:large, max-video-preview:-1\" \/>\n<link rel=\"canonical\" href=\"https:\/\/pro6.pl\/?page_id=31\" \/>\n<meta property=\"og:locale\" content=\"pl_PL\" \/>\n<meta property=\"og:type\" content=\"article\" \/>\n<meta property=\"og:title\" content=\"Regulamin parkingu i polityka prywatno\u015bci - Parking 24\/7 Katowice ul. Szybowcowa 21\" \/>\n<meta property=\"og:description\" content=\"1. W przypadku braku akceptacji warunk\u00f3w regulaminu miejsc postojowych, u\u017cytkownik nie ma prawa korzysta\u0107 z miejsca postojowego. Teren miejsc postojowych jest terenem prywatnym.2. Miejsca postojowe przeznaczone s\u0105 wy\u0142\u0105cznie dla pojazd\u00f3w do 3,5t. posiadaj\u0105cych specjalne zezwolenie wydane przez pro6.\u00a03. Zabrania si\u0119 wjazdu samochodom powy\u017cej 3,5t (koszty naprawy ewentualnie powsta\u0142ych uszkodze\u0144 nawierzchni ponosi u\u017cytkownik pojazdu).4. Teren miejsc [&hellip;]\" \/>\n<meta property=\"og:url\" content=\"https:\/\/pro6.pl\/?page_id=31\" \/>\n<meta property=\"og:site_name\" content=\"Parking 24\/7 Katowice ul. Szybowcowa 21\" \/>\n<meta property=\"article:modified_time\" content=\"2024-05-04T18:53:25+00:00\" \/>\n<meta name=\"twitter:card\" content=\"summary_large_image\" \/>\n<meta name=\"twitter:label1\" content=\"Szacowany czas czytania\" \/>\n\t<meta name=\"twitter:data1\" content=\"5 minut\" \/>\n<script type=\"application\/ld+json\" class=\"yoast-schema-graph\">{\"@context\":\"https:\\\/\\\/schema.org\",\"@graph\":[{\"@type\":\"WebPage\",\"@id\":\"https:\\\/\\\/pro6.pl\\\/?page_id=31\",\"url\":\"https:\\\/\\\/pro6.pl\\\/?page_id=31\",\"name\":\"Regulamin parkingu i polityka prywatno\u015bci - Parking 24\\\/7 Katowice ul. Szybowcowa 21\",\"isPartOf\":{\"@id\":\"https:\\\/\\\/pro6.pl\\\/#website\"},\"datePublished\":\"2024-02-02T20:21:26+00:00\",\"dateModified\":\"2024-05-04T18:53:25+00:00\",\"breadcrumb\":{\"@id\":\"https:\\\/\\\/pro6.pl\\\/?page_id=31#breadcrumb\"},\"inLanguage\":\"pl-PL\",\"potentialAction\":[{\"@type\":\"ReadAction\",\"target\":[\"https:\\\/\\\/pro6.pl\\\/?page_id=31\"]}]},{\"@type\":\"BreadcrumbList\",\"@id\":\"https:\\\/\\\/pro6.pl\\\/?page_id=31#breadcrumb\",\"itemListElement\":[{\"@type\":\"ListItem\",\"position\":1,\"name\":\"Strona g\u0142\u00f3wna\",\"item\":\"https:\\\/\\\/pro6.pl\\\/\"},{\"@type\":\"ListItem\",\"position\":2,\"name\":\"Regulamin parkingu i polityka prywatno\u015bci\"}]},{\"@type\":\"WebSite\",\"@id\":\"https:\\\/\\\/pro6.pl\\\/#website\",\"url\":\"https:\\\/\\\/pro6.pl\\\/\",\"name\":\"Parking 24\\\/7 Katowice ul. Szybowcowa 21\",\"description\":\"Parking niestrze\u017cony w pobli\u017cu A4 i DK86.\",\"publisher\":{\"@id\":\"https:\\\/\\\/pro6.pl\\\/#organization\"},\"potentialAction\":[{\"@type\":\"SearchAction\",\"target\":{\"@type\":\"EntryPoint\",\"urlTemplate\":\"https:\\\/\\\/pro6.pl\\\/?s={search_term_string}\"},\"query-input\":{\"@type\":\"PropertyValueSpecification\",\"valueRequired\":true,\"valueName\":\"search_term_string\"}}],\"inLanguage\":\"pl-PL\"},{\"@type\":\"Organization\",\"@id\":\"https:\\\/\\\/pro6.pl\\\/#organization\",\"name\":\"pro6 sp. z o.o.\",\"url\":\"https:\\\/\\\/pro6.pl\\\/\",\"logo\":{\"@type\":\"ImageObject\",\"inLanguage\":\"pl-PL\",\"@id\":\"https:\\\/\\\/pro6.pl\\\/#\\\/schema\\\/logo\\\/image\\\/\",\"url\":\"https:\\\/\\\/pro6.pl\\\/wp-content\\\/uploads\\\/2024\\\/02\\\/blueonwhite.png\",\"contentUrl\":\"https:\\\/\\\/pro6.pl\\\/wp-content\\\/uploads\\\/2024\\\/02\\\/blueonwhite.png\",\"width\":286,\"height\":155,\"caption\":\"pro6 sp. z o.o.\"},\"image\":{\"@id\":\"https:\\\/\\\/pro6.pl\\\/#\\\/schema\\\/logo\\\/image\\\/\"}}]}<\/script>\n<!-- \/ Yoast SEO plugin. -->","yoast_head_json":{"title":"Regulamin parkingu i polityka prywatno\u015bci - Parking 24\/7 Katowice ul. Szybowcowa 21","robots":{"index":"index","follow":"follow","max-snippet":"max-snippet:-1","max-image-preview":"max-image-preview:large","max-video-preview":"max-video-preview:-1"},"canonical":"https:\/\/pro6.pl\/?page_id=31","og_locale":"pl_PL","og_type":"article","og_title":"Regulamin parkingu i polityka prywatno\u015bci - Parking 24\/7 Katowice ul. Szybowcowa 21","og_description":"1. W przypadku braku akceptacji warunk\u00f3w regulaminu miejsc postojowych, u\u017cytkownik nie ma prawa korzysta\u0107 z miejsca postojowego. Teren miejsc postojowych jest terenem prywatnym.2. Miejsca postojowe przeznaczone s\u0105 wy\u0142\u0105cznie dla pojazd\u00f3w do 3,5t. posiadaj\u0105cych specjalne zezwolenie wydane przez pro6.\u00a03. Zabrania si\u0119 wjazdu samochodom powy\u017cej 3,5t (koszty naprawy ewentualnie powsta\u0142ych uszkodze\u0144 nawierzchni ponosi u\u017cytkownik pojazdu).4. Teren miejsc [&hellip;]","og_url":"https:\/\/pro6.pl\/?page_id=31","og_site_name":"Parking 24\/7 Katowice ul. Szybowcowa 21","article_modified_time":"2024-05-04T18:53:25+00:00","twitter_card":"summary_large_image","twitter_misc":{"Szacowany czas czytania":"5 minut"},"schema":{"@context":"https:\/\/schema.org","@graph":[{"@type":"WebPage","@id":"https:\/\/pro6.pl\/?page_id=31","url":"https:\/\/pro6.pl\/?page_id=31","name":"Regulamin parkingu i polityka prywatno\u015bci - Parking 24\/7 Katowice ul. Szybowcowa 21","isPartOf":{"@id":"https:\/\/pro6.pl\/#website"},"datePublished":"2024-02-02T20:21:26+00:00","dateModified":"2024-05-04T18:53:25+00:00","breadcrumb":{"@id":"https:\/\/pro6.pl\/?page_id=31#breadcrumb"},"inLanguage":"pl-PL","potentialAction":[{"@type":"ReadAction","target":["https:\/\/pro6.pl\/?page_id=31"]}]},{"@type":"BreadcrumbList","@id":"https:\/\/pro6.pl\/?page_id=31#breadcrumb","itemListElement":[{"@type":"ListItem","position":1,"name":"Strona g\u0142\u00f3wna","item":"https:\/\/pro6.pl\/"},{"@type":"ListItem","position":2,"name":"Regulamin parkingu i polityka prywatno\u015bci"}]},{"@type":"WebSite","@id":"https:\/\/pro6.pl\/#website","url":"https:\/\/pro6.pl\/","name":"Parking 24\/7 Katowice ul. Szybowcowa 21","description":"Parking niestrze\u017cony w pobli\u017cu A4 i DK86.","publisher":{"@id":"https:\/\/pro6.pl\/#organization"},"potentialAction":[{"@type":"SearchAction","target":{"@type":"EntryPoint","urlTemplate":"https:\/\/pro6.pl\/?s={search_term_string}"},"query-input":{"@type":"PropertyValueSpecification","valueRequired":true,"valueName":"search_term_string"}}],"inLanguage":"pl-PL"},{"@type":"Organization","@id":"https:\/\/pro6.pl\/#organization","name":"pro6 sp. z o.o.","url":"https:\/\/pro6.pl\/","logo":{"@type":"ImageObject","inLanguage":"pl-PL","@id":"https:\/\/pro6.pl\/#\/schema\/logo\/image\/","url":"https:\/\/pro6.pl\/wp-content\/uploads\/2024\/02\/blueonwhite.png","contentUrl":"https:\/\/pro6.pl\/wp-content\/uploads\/2024\/02\/blueonwhite.png","width":286,"height":155,"caption":"pro6 sp. z o.o."},"image":{"@id":"https:\/\/pro6.pl\/#\/schema\/logo\/image\/"}}]}},"_links":{"self":[{"href":"https:\/\/pro6.pl\/index.php?rest_route=\/wp\/v2\/pages\/31","targetHints":{"allow":["GET"]}}],"collection":[{"href":"https:\/\/pro6.pl\/index.php?rest_route=\/wp\/v2\/pages"}],"about":[{"href":"https:\/\/pro6.pl\/index.php?rest_route=\/wp\/v2\/types\/page"}],"author":[{"embeddable":true,"href":"https:\/\/pro6.pl\/index.php?rest_route=\/wp\/v2\/users\/1"}],"replies":[{"embeddable":true,"href":"https:\/\/pro6.pl\/index.php?rest_route=%2Fwp%2Fv2%2Fcomments&post=31"}],"version-history":[{"count":4,"href":"https:\/\/pro6.pl\/index.php?rest_route=\/wp\/v2\/pages\/31\/revisions"}],"predecessor-version":[{"id":94,"href":"https:\/\/pro6.pl\/index.php?rest_route=\/wp\/v2\/pages\/31\/revisions\/94"}],"wp:attachment":[{"href":"https:\/\/pro6.pl\/index.php?rest_route=%2Fwp%2Fv2%2Fmedia&parent=31"}],"curies":[{"name":"wp","href":"https:\/\/api.w.org\/{rel}","templated":true}]}}