{"id":32,"date":"2024-02-02T21:25:28","date_gmt":"2024-02-02T20:25:28","guid":{"rendered":"https:\/\/pro6.pl\/?page_id=32"},"modified":"2024-07-23T12:42:06","modified_gmt":"2024-07-23T10:42:06","slug":"cennik-parkingu-przy-ul-szybowcowej-21-w-katowicach","status":"publish","type":"page","link":"https:\/\/pro6.pl\/?page_id=32","title":{"rendered":"Cennik parkingu"},"content":{"rendered":"\n<div class=\"wp-block-group has-global-padding is-layout-constrained wp-block-group-is-layout-constrained\">\n<p class=\"has-text-align-center\"><strong>1 dzie\u0144 &#8211; 30 z\u0142<\/strong><\/p>\n\n\n\n<p class=\"has-text-align-center\"><strong>2 dni &#8211; 40 z\u0142<\/strong><\/p>\n\n\n\n<p class=\"has-text-align-center\"><strong>3 dni &#8211; 60 z\u0142<\/strong><\/p>\n\n\n\n<p class=\"has-text-align-center\"><strong>4 dni &#8211; 70 z\u0142<\/strong><\/p>\n\n\n\n<p class=\"has-text-align-center\"><strong>5 dni &#8211; 80 z\u0142<\/strong><\/p>\n\n\n\n<p class=\"has-text-align-center\"><strong>6 dni &#8211; 90 z\u0142<\/strong><\/p>\n\n\n\n<p class=\"has-text-align-center\"><strong>7 dni &#8211; tydzie\u0144 &#8211; 100 z\u0142<\/strong><\/p>\n\n\n\n<p class=\"has-text-align-center\"><strong>8 dni &#8211; 110 z\u0142<\/strong><\/p>\n\n\n\n<p class=\"has-text-align-center\"><strong>9 dni &#8211; 120 z\u0142<\/strong><\/p>\n\n\n\n<p class=\"has-text-align-center\"><strong>10 dni &#8211; 130 z\u0142<\/strong><\/p>\n\n\n\n<p class=\"has-text-align-center\"><strong>11 dni &#8211; 135 z\u0142<\/strong><\/p>\n\n\n\n<p class=\"has-text-align-center\"><strong>12 dni &#8211; 140 z\u0142<\/strong><\/p>\n\n\n\n<p class=\"has-text-align-center\"><strong>13 dni &#8211; 145 z\u0142<\/strong><\/p>\n\n\n\n<p class=\"has-text-align-center\"><strong>14 dni &#8211; 150 z\u0142<\/strong><\/p>\n\n\n\n<p class=\"has-text-align-center\"><strong>15 dni &#8211; 155 z\u0142<\/strong><\/p>\n\n\n\n<p class=\"has-text-align-center\"><strong>16 dni &#8211; 160 z\u0142&nbsp;<\/strong><\/p>\n\n\n\n<p class=\"has-text-align-center\"><strong>17 dni &#8211; 165 z\u0142<\/strong><\/p>\n\n\n\n<p class=\"has-text-align-center\"><strong>18 dni &#8211; 170 z\u0142&nbsp;<\/strong><\/p>\n\n\n\n<p class=\"has-text-align-center\"><strong>19 dni &#8211; 175 z\u0142<\/strong><\/p>\n\n\n\n<p class=\"has-text-align-center\"><strong>20 dni &#8211; 180 z\u0142<\/strong><\/p>\n\n\n\n<p class=\"has-text-align-center\"><strong>21 dni &#8211; 185 z\u0142<\/strong><\/p>\n\n\n\n<p class=\"has-text-align-center\"><strong>22 dni &#8211; 190 z\u0142<\/strong><\/p>\n\n\n\n<p class=\"has-text-align-center\"><strong>23 dni &#8211; 195 z\u0142<\/strong><\/p>\n\n\n\n<p class=\"has-text-align-center\"><strong>24 dni &#8211; 200 z\u0142<\/strong><\/p>\n\n\n\n<p class=\"has-text-align-center\"><strong>25 dni &#8211; 205 z\u0142<\/strong><\/p>\n\n\n\n<p class=\"has-text-align-center\"><strong>26 dni &#8211; 215 z\u0142<\/strong><\/p>\n\n\n\n<p class=\"has-text-align-center\"><strong>27 dni &#8211; 220 z\u0142<\/strong><\/p>\n\n\n\n<p class=\"has-text-align-center\"><strong>28 dni &#8211; 230 z\u0142<\/strong><\/p>\n\n\n\n<p class=\"has-text-align-center\"><strong>29 dni &#8211; 240 z\u0142<\/strong><\/p>\n\n\n\n<p class=\"has-text-align-center\"><strong>30\/31 dni &#8211; miesi\u0105c &#8211; 250 z\u0142<\/strong><\/p>\n\n\n\n<p class=\"has-text-align-center\"><strong>Pilot &#8211; kaucja zwrotna 50 z\u0142.\u00a0<\/strong><\/p>\n<\/div>\n\n\n\n<p><\/p>\n\n\n\n<p><\/p>\n\n\n\n<p><strong>Operatorem kart p\u0142atniczych jest PayPro SA Agent Rozliczeniowy, ul. Pastelowa 8, 60-198 Pozna\u0144, wpisany do Rejestru Przedsi\u0119biorc\u00f3w Krajowego Rejestru S\u0105dowego prowadzonego przez S\u0105d Rejonowy Pozna\u0144 \u0096 Nowe Miasto i Wilda w Poznaniu, VIII Wydzia\u0142 Gospodarczy Krajowego Rejestru S\u0105dowego pod numerem KRS 0000347935, NIP 7792369887, Regon 301345068.<\/strong><\/p>\n","protected":false},"excerpt":{"rendered":"<p>1 dzie\u0144 &#8211; 30 z\u0142 2 dni &#8211; 40 z\u0142 3 dni &#8211; 60 z\u0142 4 dni &#8211; 70 z\u0142 5 dni &#8211; 80 z\u0142 6 dni &#8211; 90 z\u0142 7 dni &#8211; tydzie\u0144 &#8211; 100 z\u0142 8 dni &#8211; 110 z\u0142 9 dni &#8211; 120 z\u0142 10 dni &#8211; 130 z\u0142 11 dni &#8211; [&hellip;]<\/p>\n","protected":false},"author":1,"featured_media":0,"parent":0,"menu_order":0,"comment_status":"closed","ping_status":"closed","template":"","meta":{"footnotes":""},"class_list":["post-32","page","type-page","status-publish","hentry"],"yoast_head":"<!-- This site is optimized with the Yoast SEO plugin v27.4 - https:\/\/yoast.com\/product\/yoast-seo-wordpress\/ -->\n<title>Cennik parkingu - Parking 24\/7 Katowice ul. Szybowcowa 21<\/title>\n<meta name=\"robots\" content=\"index, follow, max-snippet:-1, max-image-preview:large, max-video-preview:-1\" \/>\n<link rel=\"canonical\" href=\"https:\/\/pro6.pl\/?page_id=32\" \/>\n<meta property=\"og:locale\" content=\"pl_PL\" \/>\n<meta property=\"og:type\" content=\"article\" \/>\n<meta property=\"og:title\" content=\"Cennik parkingu - Parking 24\/7 Katowice ul. Szybowcowa 21\" \/>\n<meta property=\"og:description\" content=\"1 dzie\u0144 &#8211; 30 z\u0142 2 dni &#8211; 40 z\u0142 3 dni &#8211; 60 z\u0142 4 dni &#8211; 70 z\u0142 5 dni &#8211; 80 z\u0142 6 dni &#8211; 90 z\u0142 7 dni &#8211; tydzie\u0144 &#8211; 100 z\u0142 8 dni &#8211; 110 z\u0142 9 dni &#8211; 120 z\u0142 10 dni &#8211; 130 z\u0142 11 dni &#8211; [&hellip;]\" \/>\n<meta property=\"og:url\" content=\"https:\/\/pro6.pl\/?page_id=32\" \/>\n<meta property=\"og:site_name\" content=\"Parking 24\/7 Katowice ul. Szybowcowa 21\" \/>\n<meta property=\"article:modified_time\" content=\"2024-07-23T10:42:06+00:00\" \/>\n<meta name=\"twitter:card\" content=\"summary_large_image\" \/>\n<meta name=\"twitter:label1\" content=\"Szacowany czas czytania\" \/>\n\t<meta name=\"twitter:data1\" content=\"2 minuty\" \/>\n<script type=\"application\/ld+json\" class=\"yoast-schema-graph\">{\"@context\":\"https:\\\/\\\/schema.org\",\"@graph\":[{\"@type\":\"WebPage\",\"@id\":\"https:\\\/\\\/pro6.pl\\\/?page_id=32\",\"url\":\"https:\\\/\\\/pro6.pl\\\/?page_id=32\",\"name\":\"Cennik parkingu - Parking 24\\\/7 Katowice ul. Szybowcowa 21\",\"isPartOf\":{\"@id\":\"https:\\\/\\\/pro6.pl\\\/#website\"},\"datePublished\":\"2024-02-02T20:25:28+00:00\",\"dateModified\":\"2024-07-23T10:42:06+00:00\",\"breadcrumb\":{\"@id\":\"https:\\\/\\\/pro6.pl\\\/?page_id=32#breadcrumb\"},\"inLanguage\":\"pl-PL\",\"potentialAction\":[{\"@type\":\"ReadAction\",\"target\":[\"https:\\\/\\\/pro6.pl\\\/?page_id=32\"]}]},{\"@type\":\"BreadcrumbList\",\"@id\":\"https:\\\/\\\/pro6.pl\\\/?page_id=32#breadcrumb\",\"itemListElement\":[{\"@type\":\"ListItem\",\"position\":1,\"name\":\"Strona g\u0142\u00f3wna\",\"item\":\"https:\\\/\\\/pro6.pl\\\/\"},{\"@type\":\"ListItem\",\"position\":2,\"name\":\"Cennik parkingu\"}]},{\"@type\":\"WebSite\",\"@id\":\"https:\\\/\\\/pro6.pl\\\/#website\",\"url\":\"https:\\\/\\\/pro6.pl\\\/\",\"name\":\"Parking 24\\\/7 Katowice ul. Szybowcowa 21\",\"description\":\"Parking niestrze\u017cony w pobli\u017cu A4 i DK86.\",\"publisher\":{\"@id\":\"https:\\\/\\\/pro6.pl\\\/#organization\"},\"potentialAction\":[{\"@type\":\"SearchAction\",\"target\":{\"@type\":\"EntryPoint\",\"urlTemplate\":\"https:\\\/\\\/pro6.pl\\\/?s={search_term_string}\"},\"query-input\":{\"@type\":\"PropertyValueSpecification\",\"valueRequired\":true,\"valueName\":\"search_term_string\"}}],\"inLanguage\":\"pl-PL\"},{\"@type\":\"Organization\",\"@id\":\"https:\\\/\\\/pro6.pl\\\/#organization\",\"name\":\"pro6 sp. z o.o.\",\"url\":\"https:\\\/\\\/pro6.pl\\\/\",\"logo\":{\"@type\":\"ImageObject\",\"inLanguage\":\"pl-PL\",\"@id\":\"https:\\\/\\\/pro6.pl\\\/#\\\/schema\\\/logo\\\/image\\\/\",\"url\":\"https:\\\/\\\/pro6.pl\\\/wp-content\\\/uploads\\\/2024\\\/02\\\/blueonwhite.png\",\"contentUrl\":\"https:\\\/\\\/pro6.pl\\\/wp-content\\\/uploads\\\/2024\\\/02\\\/blueonwhite.png\",\"width\":286,\"height\":155,\"caption\":\"pro6 sp. z o.o.\"},\"image\":{\"@id\":\"https:\\\/\\\/pro6.pl\\\/#\\\/schema\\\/logo\\\/image\\\/\"}}]}<\/script>\n<!-- \/ Yoast SEO plugin. -->","yoast_head_json":{"title":"Cennik parkingu - Parking 24\/7 Katowice ul. Szybowcowa 21","robots":{"index":"index","follow":"follow","max-snippet":"max-snippet:-1","max-image-preview":"max-image-preview:large","max-video-preview":"max-video-preview:-1"},"canonical":"https:\/\/pro6.pl\/?page_id=32","og_locale":"pl_PL","og_type":"article","og_title":"Cennik parkingu - Parking 24\/7 Katowice ul. Szybowcowa 21","og_description":"1 dzie\u0144 &#8211; 30 z\u0142 2 dni &#8211; 40 z\u0142 3 dni &#8211; 60 z\u0142 4 dni &#8211; 70 z\u0142 5 dni &#8211; 80 z\u0142 6 dni &#8211; 90 z\u0142 7 dni &#8211; tydzie\u0144 &#8211; 100 z\u0142 8 dni &#8211; 110 z\u0142 9 dni &#8211; 120 z\u0142 10 dni &#8211; 130 z\u0142 11 dni &#8211; [&hellip;]","og_url":"https:\/\/pro6.pl\/?page_id=32","og_site_name":"Parking 24\/7 Katowice ul. Szybowcowa 21","article_modified_time":"2024-07-23T10:42:06+00:00","twitter_card":"summary_large_image","twitter_misc":{"Szacowany czas czytania":"2 minuty"},"schema":{"@context":"https:\/\/schema.org","@graph":[{"@type":"WebPage","@id":"https:\/\/pro6.pl\/?page_id=32","url":"https:\/\/pro6.pl\/?page_id=32","name":"Cennik parkingu - Parking 24\/7 Katowice ul. Szybowcowa 21","isPartOf":{"@id":"https:\/\/pro6.pl\/#website"},"datePublished":"2024-02-02T20:25:28+00:00","dateModified":"2024-07-23T10:42:06+00:00","breadcrumb":{"@id":"https:\/\/pro6.pl\/?page_id=32#breadcrumb"},"inLanguage":"pl-PL","potentialAction":[{"@type":"ReadAction","target":["https:\/\/pro6.pl\/?page_id=32"]}]},{"@type":"BreadcrumbList","@id":"https:\/\/pro6.pl\/?page_id=32#breadcrumb","itemListElement":[{"@type":"ListItem","position":1,"name":"Strona g\u0142\u00f3wna","item":"https:\/\/pro6.pl\/"},{"@type":"ListItem","position":2,"name":"Cennik parkingu"}]},{"@type":"WebSite","@id":"https:\/\/pro6.pl\/#website","url":"https:\/\/pro6.pl\/","name":"Parking 24\/7 Katowice ul. Szybowcowa 21","description":"Parking niestrze\u017cony w pobli\u017cu A4 i DK86.","publisher":{"@id":"https:\/\/pro6.pl\/#organization"},"potentialAction":[{"@type":"SearchAction","target":{"@type":"EntryPoint","urlTemplate":"https:\/\/pro6.pl\/?s={search_term_string}"},"query-input":{"@type":"PropertyValueSpecification","valueRequired":true,"valueName":"search_term_string"}}],"inLanguage":"pl-PL"},{"@type":"Organization","@id":"https:\/\/pro6.pl\/#organization","name":"pro6 sp. z o.o.","url":"https:\/\/pro6.pl\/","logo":{"@type":"ImageObject","inLanguage":"pl-PL","@id":"https:\/\/pro6.pl\/#\/schema\/logo\/image\/","url":"https:\/\/pro6.pl\/wp-content\/uploads\/2024\/02\/blueonwhite.png","contentUrl":"https:\/\/pro6.pl\/wp-content\/uploads\/2024\/02\/blueonwhite.png","width":286,"height":155,"caption":"pro6 sp. z o.o."},"image":{"@id":"https:\/\/pro6.pl\/#\/schema\/logo\/image\/"}}]}},"_links":{"self":[{"href":"https:\/\/pro6.pl\/index.php?rest_route=\/wp\/v2\/pages\/32","targetHints":{"allow":["GET"]}}],"collection":[{"href":"https:\/\/pro6.pl\/index.php?rest_route=\/wp\/v2\/pages"}],"about":[{"href":"https:\/\/pro6.pl\/index.php?rest_route=\/wp\/v2\/types\/page"}],"author":[{"embeddable":true,"href":"https:\/\/pro6.pl\/index.php?rest_route=\/wp\/v2\/users\/1"}],"replies":[{"embeddable":true,"href":"https:\/\/pro6.pl\/index.php?rest_route=%2Fwp%2Fv2%2Fcomments&post=32"}],"version-history":[{"count":4,"href":"https:\/\/pro6.pl\/index.php?rest_route=\/wp\/v2\/pages\/32\/revisions"}],"predecessor-version":[{"id":95,"href":"https:\/\/pro6.pl\/index.php?rest_route=\/wp\/v2\/pages\/32\/revisions\/95"}],"wp:attachment":[{"href":"https:\/\/pro6.pl\/index.php?rest_route=%2Fwp%2Fv2%2Fmedia&parent=32"}],"curies":[{"name":"wp","href":"https:\/\/api.w.org\/{rel}","templated":true}]}}